{"id":619,"date":"2026-04-04T10:28:39","date_gmt":"2026-04-04T08:28:39","guid":{"rendered":"https:\/\/mltgroupe.fr\/?page_id=619"},"modified":"2026-04-04T10:46:03","modified_gmt":"2026-04-04T08:46:03","slug":"villa-deux-ailes-saint-maurice-de-beynost","status":"publish","type":"page","link":"https:\/\/mltgroupe.fr\/?page_id=619","title":{"rendered":"VILLA DEUX AILES &#8211; Saint-Maurice de Beynost"},"content":{"rendered":"\n<div class=\"wp-block-group alignfull has-custom-vert-promotion-background-color has-background has-global-padding is-layout-constrained wp-container-core-group-is-layout-0b8162c0 wp-block-group-is-layout-constrained\" style=\"margin-top:0;margin-bottom:0;padding-top:var(--wp--preset--spacing--10);padding-right:var(--wp--preset--spacing--30);padding-bottom:var(--wp--preset--spacing--10);padding-left:var(--wp--preset--spacing--30)\">\n<figure class=\"wp-block-image size-large\"><img loading=\"lazy\" decoding=\"async\" width=\"1024\" height=\"318\" src=\"http:\/\/mltgroupe.fr\/wp-content\/uploads\/2026\/03\/MLT-PROMOTION-copie-1024x318.png\" alt=\"\" class=\"wp-image-472\" srcset=\"https:\/\/mltgroupe.fr\/wp-content\/uploads\/2026\/03\/MLT-PROMOTION-copie-1024x318.png 1024w, https:\/\/mltgroupe.fr\/wp-content\/uploads\/2026\/03\/MLT-PROMOTION-copie-300x93.png 300w, https:\/\/mltgroupe.fr\/wp-content\/uploads\/2026\/03\/MLT-PROMOTION-copie-768x239.png 768w, https:\/\/mltgroupe.fr\/wp-content\/uploads\/2026\/03\/MLT-PROMOTION-copie-1536x477.png 1536w, https:\/\/mltgroupe.fr\/wp-content\/uploads\/2026\/03\/MLT-PROMOTION-copie-2048x636.png 2048w\" sizes=\"auto, (max-width: 1024px) 100vw, 1024px\" \/><\/figure>\n<\/div>\n\n\n\n<div class=\"wp-block-group alignfull has-base-2-background-color has-background has-global-padding is-layout-constrained wp-container-core-group-is-layout-75012026 wp-block-group-is-layout-constrained\" style=\"margin-top:0;margin-bottom:0;padding-top:var(--wp--preset--spacing--40);padding-right:var(--wp--preset--spacing--60);padding-bottom:var(--wp--preset--spacing--40);padding-left:var(--wp--preset--spacing--60)\">\n<div class=\"wp-block-group alignwide is-layout-flow wp-block-group-is-layout-flow\">\n<p class=\"has-text-align-left has-body-font-family has-x-large-font-size\" style=\"font-style:normal;font-weight:700;line-height:1.2\">LA VILLA DEUX AILES<\/p>\n\n\n\n<p class=\"has-text-align-left has-body-font-family\" style=\"font-size:clamp(0.875rem, 0.875rem + ((1vw - 0.2rem) * 0.708), 1.3rem);font-style:normal;font-weight:700;line-height:1.3\">4 Rue des Gravelle, 01700 SAINT-MAURICE-DE-BEYNOST<\/p>\n\n\n\n<ul class=\"wp-block-list\">\n<li style=\"font-size:clamp(0.984rem, 0.984rem + ((1vw - 0.2rem) * 0.86), 1.5rem);font-style:normal;font-weight:600\"><span style=\"text-decoration: underline;\">Mission <\/span>: Ma\u00eetrise d&rsquo;Ouvrage <\/li>\n\n\n\n<li style=\"font-size:clamp(0.984rem, 0.984rem + ((1vw - 0.2rem) * 0.86), 1.5rem);font-style:normal;font-weight:400\">Construction de 22 appartements du T2 au T5<\/li>\n<\/ul>\n\n\n\n<p class=\"has-custom-vert-promotion-color has-text-color has-link-color has-large-font-size wp-elements-b7ad64a6786e168c69c8b556ec1da5c7\" style=\"font-style:normal;font-weight:700\">D\u00e9marrage : 3e trimestre 2026<\/p>\n\n\n\n<p class=\"has-custom-vert-promotion-color has-text-color has-link-color has-large-font-size wp-elements-90eb7af27db5339afa40ad509cea5109\" style=\"font-style:normal;font-weight:700\">Livraison : 1er trimestre 2028<\/p>\n<\/div>\n<\/div>\n\n\n\n<div class=\"wp-block-cover alignfull is-light has-parallax\" style=\"padding-top:var(--wp--preset--spacing--50);padding-right:var(--wp--preset--spacing--50);padding-bottom:var(--wp--preset--spacing--50);padding-left:var(--wp--preset--spacing--50);min-height:1156px;aspect-ratio:unset;\"><div class=\"wp-block-cover__image-background wp-image-454 size-full has-parallax\" style=\"background-position:50% 50%;background-image:url(http:\/\/mltgroupe.fr\/wp-content\/uploads\/2026\/03\/Perspective-05-scaled.jpg)\"><\/div><span aria-hidden=\"true\" class=\"wp-block-cover__background has-base-background-color has-background-dim-0 has-background-dim\"><\/span><div class=\"wp-block-cover__inner-container has-global-padding is-layout-constrained wp-container-core-cover-is-layout-e4fd886c wp-block-cover-is-layout-constrained\">\n<p class=\"has-text-align-center has-large-font-size\"><\/p>\n<\/div><\/div>\n\n\n\n<div class=\"wp-block-group alignfull has-custom-vert-promotion-background-color has-background has-global-padding is-layout-constrained wp-container-core-group-is-layout-b673cb31 wp-block-group-is-layout-constrained\" style=\"margin-top:0;margin-bottom:0;padding-top:var(--wp--preset--spacing--30);padding-right:var(--wp--preset--spacing--50);padding-bottom:var(--wp--preset--spacing--30);padding-left:var(--wp--preset--spacing--50)\">\n<div class=\"wp-block-columns alignwide are-vertically-aligned-center is-layout-flex wp-container-core-columns-is-layout-47c06fe3 wp-block-columns-is-layout-flex\">\n<div class=\"wp-block-column is-vertically-aligned-center is-layout-flow wp-block-column-is-layout-flow\" style=\"flex-basis:50%\">\n<div class=\"wp-block-group is-vertical is-nowrap is-layout-flex wp-container-core-group-is-layout-36fd9ea3 wp-block-group-is-layout-flex\" style=\"padding-right:0;padding-left:0\">\n<p class=\"has-base-2-color has-text-color has-body-font-family\" style=\"font-size:2.8vw;font-style:normal;font-weight:700;letter-spacing:0px;line-height:1.1;text-decoration:none;text-transform:none\">Un projet ancr\u00e9 dans le paysage <\/p>\n\n\n\n<p><\/p>\n\n\n\n<p class=\"has-base-2-color has-text-color has-link-color has-medium-font-size wp-elements-be6dc52e485a13924be84de0fa076286\" style=\"font-style:normal;font-weight:600\">Construction d&rsquo;un b\u00e2timent en R+3 d\u00e9veloppant 22 appartements du T2 au T5. <\/p>\n\n\n\n<ul class=\"wp-block-list\">\n<li class=\"has-base-2-color has-text-color has-link-color wp-elements-5001eb489b89a3fcfb449f1ffc645142\">Architecte : <strong>Agence C. Nouh\u00ebn<\/strong><\/li>\n\n\n\n<li class=\"has-base-2-color has-text-color has-link-color wp-elements-3f1babbe83b0b1b479ced90905b897cb\">Certification : <strong>RE2020<\/strong><\/li>\n<\/ul>\n\n\n\n<p class=\"has-base-2-color has-text-color has-link-color has-medium-font-size wp-elements-c78692153f85d7146bb9495837aeebd0\" style=\"font-style:normal;font-weight:600\">Adresse centrale \u00e0 quelques minutes \u00e0 pied du centre-villede Saint-Maurice de Beynost <\/p>\n\n\n\n<p><\/p>\n\n\n\n<div style=\"height:0px\" aria-hidden=\"true\" class=\"wp-block-spacer wp-container-content-9760934e\"><\/div>\n<\/div>\n<\/div>\n\n\n\n<div class=\"wp-block-column is-vertically-aligned-center is-layout-flow wp-block-column-is-layout-flow\" style=\"flex-basis:50%\">\n<div class=\"wp-block-jetpack-slideshow aligncenter\" data-effect=\"slide\"><div class=\"wp-block-jetpack-slideshow_container swiper-container\"><ul class=\"wp-block-jetpack-slideshow_swiper-wrapper swiper-wrapper\"><li class=\"wp-block-jetpack-slideshow_slide swiper-slide\"><figure><img loading=\"lazy\" decoding=\"async\" width=\"1024\" height=\"711\" alt=\"\" class=\"wp-block-jetpack-slideshow_image wp-image-626\" data-id=\"626\" src=\"http:\/\/mltgroupe.fr\/wp-content\/uploads\/2026\/04\/Perspective-02-1024x711.jpg\" srcset=\"https:\/\/mltgroupe.fr\/wp-content\/uploads\/2026\/04\/Perspective-02-1024x711.jpg 1024w, https:\/\/mltgroupe.fr\/wp-content\/uploads\/2026\/04\/Perspective-02-300x208.jpg 300w, https:\/\/mltgroupe.fr\/wp-content\/uploads\/2026\/04\/Perspective-02-768x533.jpg 768w, https:\/\/mltgroupe.fr\/wp-content\/uploads\/2026\/04\/Perspective-02-1536x1067.jpg 1536w\" sizes=\"auto, (max-width: 1024px) 100vw, 1024px\" \/><figcaption class=\"wp-block-jetpack-slideshow_caption gallery-caption\">VILLA DEUX AILES &#8211; Saint Maurice de Beynost<\/figcaption><\/figure><\/li><li class=\"wp-block-jetpack-slideshow_slide swiper-slide\"><figure><img loading=\"lazy\" decoding=\"async\" width=\"1024\" height=\"721\" alt=\"\" class=\"wp-block-jetpack-slideshow_image wp-image-625\" data-id=\"625\" src=\"http:\/\/mltgroupe.fr\/wp-content\/uploads\/2026\/04\/Perspective-01-1024x721.jpg\" srcset=\"https:\/\/mltgroupe.fr\/wp-content\/uploads\/2026\/04\/Perspective-01-1024x721.jpg 1024w, https:\/\/mltgroupe.fr\/wp-content\/uploads\/2026\/04\/Perspective-01-300x211.jpg 300w, https:\/\/mltgroupe.fr\/wp-content\/uploads\/2026\/04\/Perspective-01-768x541.jpg 768w, https:\/\/mltgroupe.fr\/wp-content\/uploads\/2026\/04\/Perspective-01-1536x1082.jpg 1536w\" sizes=\"auto, (max-width: 1024px) 100vw, 1024px\" \/><figcaption class=\"wp-block-jetpack-slideshow_caption gallery-caption\">VILLA DEUX AILES &#8211; Saint Maurice de Beynost<\/figcaption><\/figure><\/li><li class=\"wp-block-jetpack-slideshow_slide swiper-slide\"><figure><img loading=\"lazy\" decoding=\"async\" width=\"1024\" height=\"537\" alt=\"\" class=\"wp-block-jetpack-slideshow_image wp-image-628\" data-id=\"628\" src=\"http:\/\/mltgroupe.fr\/wp-content\/uploads\/2026\/04\/Perspective-03-1024x537.jpg\" srcset=\"https:\/\/mltgroupe.fr\/wp-content\/uploads\/2026\/04\/Perspective-03-1024x537.jpg 1024w, https:\/\/mltgroupe.fr\/wp-content\/uploads\/2026\/04\/Perspective-03-300x157.jpg 300w, https:\/\/mltgroupe.fr\/wp-content\/uploads\/2026\/04\/Perspective-03-768x403.jpg 768w, https:\/\/mltgroupe.fr\/wp-content\/uploads\/2026\/04\/Perspective-03-1536x806.jpg 1536w, https:\/\/mltgroupe.fr\/wp-content\/uploads\/2026\/04\/Perspective-03-2048x1075.jpg 2048w\" sizes=\"auto, (max-width: 1024px) 100vw, 1024px\" \/><figcaption class=\"wp-block-jetpack-slideshow_caption gallery-caption\">VILLA DEUX AILES &#8211; Saint Maurice de Beynost<\/figcaption><\/figure><\/li><li class=\"wp-block-jetpack-slideshow_slide swiper-slide\"><figure><img loading=\"lazy\" decoding=\"async\" width=\"1024\" height=\"556\" alt=\"\" class=\"wp-block-jetpack-slideshow_image wp-image-629\" data-id=\"629\" src=\"http:\/\/mltgroupe.fr\/wp-content\/uploads\/2026\/04\/Perspective-05-1024x556.jpg\" srcset=\"https:\/\/mltgroupe.fr\/wp-content\/uploads\/2026\/04\/Perspective-05-1024x556.jpg 1024w, https:\/\/mltgroupe.fr\/wp-content\/uploads\/2026\/04\/Perspective-05-300x163.jpg 300w, https:\/\/mltgroupe.fr\/wp-content\/uploads\/2026\/04\/Perspective-05-768x417.jpg 768w, https:\/\/mltgroupe.fr\/wp-content\/uploads\/2026\/04\/Perspective-05-1536x834.jpg 1536w, https:\/\/mltgroupe.fr\/wp-content\/uploads\/2026\/04\/Perspective-05-2048x1112.jpg 2048w\" sizes=\"auto, (max-width: 1024px) 100vw, 1024px\" \/><figcaption class=\"wp-block-jetpack-slideshow_caption gallery-caption\">VILLA DEUX AILES &#8211; Saint Maurice de Beynost<\/figcaption><\/figure><\/li><li class=\"wp-block-jetpack-slideshow_slide swiper-slide\"><figure><img loading=\"lazy\" decoding=\"async\" width=\"1024\" height=\"547\" alt=\"\" class=\"wp-block-jetpack-slideshow_image wp-image-630\" data-id=\"630\" src=\"http:\/\/mltgroupe.fr\/wp-content\/uploads\/2026\/04\/Perspective-06-1024x547.jpg\" srcset=\"https:\/\/mltgroupe.fr\/wp-content\/uploads\/2026\/04\/Perspective-06-1024x547.jpg 1024w, https:\/\/mltgroupe.fr\/wp-content\/uploads\/2026\/04\/Perspective-06-300x160.jpg 300w, https:\/\/mltgroupe.fr\/wp-content\/uploads\/2026\/04\/Perspective-06-768x410.jpg 768w, https:\/\/mltgroupe.fr\/wp-content\/uploads\/2026\/04\/Perspective-06-1536x821.jpg 1536w\" sizes=\"auto, (max-width: 1024px) 100vw, 1024px\" \/><figcaption class=\"wp-block-jetpack-slideshow_caption gallery-caption\">VILLA DEUX AILES &#8211; Saint Maurice de Beynost<\/figcaption><\/figure><\/li><li class=\"wp-block-jetpack-slideshow_slide swiper-slide\"><figure><img loading=\"lazy\" decoding=\"async\" width=\"1024\" height=\"587\" alt=\"\" class=\"wp-block-jetpack-slideshow_image wp-image-631\" data-id=\"631\" src=\"http:\/\/mltgroupe.fr\/wp-content\/uploads\/2026\/04\/Perspective-08-1024x587.jpg\" srcset=\"https:\/\/mltgroupe.fr\/wp-content\/uploads\/2026\/04\/Perspective-08-1024x587.jpg 1024w, https:\/\/mltgroupe.fr\/wp-content\/uploads\/2026\/04\/Perspective-08-300x172.jpg 300w, https:\/\/mltgroupe.fr\/wp-content\/uploads\/2026\/04\/Perspective-08-768x440.jpg 768w, https:\/\/mltgroupe.fr\/wp-content\/uploads\/2026\/04\/Perspective-08-1536x881.jpg 1536w, https:\/\/mltgroupe.fr\/wp-content\/uploads\/2026\/04\/Perspective-08-2048x1174.jpg 2048w\" sizes=\"auto, (max-width: 1024px) 100vw, 1024px\" \/><figcaption class=\"wp-block-jetpack-slideshow_caption gallery-caption\">VILLA DEUX AILES &#8211; Saint Maurice de Beynost<\/figcaption><\/figure><\/li><\/ul><a class=\"wp-block-jetpack-slideshow_button-prev swiper-button-prev swiper-button-white\" role=\"button\"><\/a><a class=\"wp-block-jetpack-slideshow_button-next swiper-button-next swiper-button-white\" role=\"button\"><\/a><a aria-label=\"Pause Slideshow\" class=\"wp-block-jetpack-slideshow_button-pause\" role=\"button\"><\/a><div class=\"wp-block-jetpack-slideshow_pagination swiper-pagination swiper-pagination-white\"><\/div><\/div><\/div>\n<\/div>\n<\/div>\n<\/div>\n\n\n\n<div class=\"wp-block-group alignfull has-contrast-background-color has-background has-global-padding is-layout-constrained wp-container-core-group-is-layout-0b8162c0 wp-block-group-is-layout-constrained\" style=\"margin-top:0;margin-bottom:0;padding-top:var(--wp--preset--spacing--10);padding-right:var(--wp--preset--spacing--30);padding-bottom:var(--wp--preset--spacing--10);padding-left:var(--wp--preset--spacing--30)\">\n<h2 class=\"wp-block-heading has-text-align-center has-base-2-color has-contrast-background-color has-text-color has-background has-link-color has-body-font-family wp-elements-54114e3f13c5ccc4cc1cb0cb7dd61332\" style=\"font-style:normal;font-weight:600\">Nous contacter<\/h2>\n<\/div>\n\n\n<div class=\"wp-block-jetpack-contact-form\"><a href=\"https:\/\/mltgroupe.fr\/?page_id=619\" target=\"_blank\" rel=\"noopener noreferrer\">Soumettre un formulaire.<\/a><\/div>","protected":false},"excerpt":{"rendered":"<p>LA VILLA DEUX AILES 4 Rue des Gravelle, 01700 SAINT-MAURICE-DE-BEYNOST D\u00e9marrage : 3e trimestre 2026 Livraison : 1er trimestre 2028 Un projet ancr\u00e9 dans le paysage Construction d&rsquo;un b\u00e2timent en R+3 d\u00e9veloppant 22 appartements du T2 au T5. Adresse centrale \u00e0 quelques minutes \u00e0 pied du centre-villede Saint-Maurice de Beynost Nous contacter<\/p>\n","protected":false},"author":1,"featured_media":0,"parent":0,"menu_order":0,"comment_status":"closed","ping_status":"closed","template":"","meta":{"footnotes":""},"class_list":["post-619","page","type-page","status-publish","hentry"],"yoast_head":"<!-- This site is optimized with the Yoast SEO plugin v23.9 - https:\/\/yoast.com\/wordpress\/plugins\/seo\/ -->\n<title>Villa des deux Ailes I Programme \u00e0 Saint-Maurice-de-Beynost<\/title>\n<meta name=\"description\" content=\"D\u00e9couvrez la Villa des deux ailes, appartements neufs du T2 au T5 \u00e0 Saint-Maurice-de Beynost. Livraison 2028.\" \/>\n<meta name=\"robots\" content=\"index, follow, max-snippet:-1, max-image-preview:large, max-video-preview:-1\" \/>\n<link rel=\"canonical\" href=\"https:\/\/mltgroupe.fr\/?page_id=619\" \/>\n<meta property=\"og:locale\" content=\"fr_FR\" \/>\n<meta property=\"og:type\" content=\"article\" \/>\n<meta property=\"og:title\" content=\"Villa des deux Ailes I Programme \u00e0 Saint-Maurice-de-Beynost\" \/>\n<meta property=\"og:description\" content=\"D\u00e9couvrez la Villa des deux ailes, appartements neufs du T2 au T5 \u00e0 Saint-Maurice-de Beynost. Livraison 2028.\" \/>\n<meta property=\"og:url\" content=\"https:\/\/mltgroupe.fr\/?page_id=619\" \/>\n<meta property=\"article:modified_time\" content=\"2026-04-04T08:46:03+00:00\" \/>\n<meta property=\"og:image\" content=\"https:\/\/mltgroupe.fr\/wp-content\/uploads\/2026\/03\/MLT-PROMOTION-copie-scaled.png\" \/>\n\t<meta property=\"og:image:width\" content=\"2560\" \/>\n\t<meta property=\"og:image:height\" content=\"795\" \/>\n\t<meta property=\"og:image:type\" content=\"image\/png\" \/>\n<meta name=\"twitter:card\" content=\"summary_large_image\" \/>\n<meta name=\"twitter:label1\" content=\"Dur\u00e9e de lecture estim\u00e9e\" \/>\n\t<meta name=\"twitter:data1\" content=\"2 minutes\" \/>\n<script type=\"application\/ld+json\" class=\"yoast-schema-graph\">{\"@context\":\"https:\/\/schema.org\",\"@graph\":[{\"@type\":\"WebPage\",\"@id\":\"https:\/\/mltgroupe.fr\/?page_id=619\",\"url\":\"https:\/\/mltgroupe.fr\/?page_id=619\",\"name\":\"Villa des deux Ailes I Programme \u00e0 Saint-Maurice-de-Beynost\",\"isPartOf\":{\"@id\":\"https:\/\/mltgroupe.fr\/#website\"},\"primaryImageOfPage\":{\"@id\":\"https:\/\/mltgroupe.fr\/?page_id=619#primaryimage\"},\"image\":{\"@id\":\"https:\/\/mltgroupe.fr\/?page_id=619#primaryimage\"},\"thumbnailUrl\":\"http:\/\/mltgroupe.fr\/wp-content\/uploads\/2026\/03\/MLT-PROMOTION-copie-1024x318.png\",\"datePublished\":\"2026-04-04T08:28:39+00:00\",\"dateModified\":\"2026-04-04T08:46:03+00:00\",\"description\":\"D\u00e9couvrez la Villa des deux ailes, appartements neufs du T2 au T5 \u00e0 Saint-Maurice-de Beynost. Livraison 2028.\",\"breadcrumb\":{\"@id\":\"https:\/\/mltgroupe.fr\/?page_id=619#breadcrumb\"},\"inLanguage\":\"fr-FR\",\"potentialAction\":[{\"@type\":\"ReadAction\",\"target\":[\"https:\/\/mltgroupe.fr\/?page_id=619\"]}]},{\"@type\":\"ImageObject\",\"inLanguage\":\"fr-FR\",\"@id\":\"https:\/\/mltgroupe.fr\/?page_id=619#primaryimage\",\"url\":\"https:\/\/mltgroupe.fr\/wp-content\/uploads\/2026\/03\/MLT-PROMOTION-copie-scaled.png\",\"contentUrl\":\"https:\/\/mltgroupe.fr\/wp-content\/uploads\/2026\/03\/MLT-PROMOTION-copie-scaled.png\",\"width\":2560,\"height\":795},{\"@type\":\"BreadcrumbList\",\"@id\":\"https:\/\/mltgroupe.fr\/?page_id=619#breadcrumb\",\"itemListElement\":[{\"@type\":\"ListItem\",\"position\":1,\"name\":\"Accueil\",\"item\":\"https:\/\/mltgroupe.fr\/\"},{\"@type\":\"ListItem\",\"position\":2,\"name\":\"VILLA DEUX AILES &#8211; Saint-Maurice de Beynost\"}]},{\"@type\":\"WebSite\",\"@id\":\"https:\/\/mltgroupe.fr\/#website\",\"url\":\"https:\/\/mltgroupe.fr\/\",\"name\":\"\",\"description\":\"Promoteur immobilier, sp\u00e9cialiste de la conduite de projets\",\"potentialAction\":[{\"@type\":\"SearchAction\",\"target\":{\"@type\":\"EntryPoint\",\"urlTemplate\":\"https:\/\/mltgroupe.fr\/?s={search_term_string}\"},\"query-input\":{\"@type\":\"PropertyValueSpecification\",\"valueRequired\":true,\"valueName\":\"search_term_string\"}}],\"inLanguage\":\"fr-FR\"}]}<\/script>\n<!-- \/ Yoast SEO plugin. -->","yoast_head_json":{"title":"Villa des deux Ailes I Programme \u00e0 Saint-Maurice-de-Beynost","description":"D\u00e9couvrez la Villa des deux ailes, appartements neufs du T2 au T5 \u00e0 Saint-Maurice-de Beynost. Livraison 2028.","robots":{"index":"index","follow":"follow","max-snippet":"max-snippet:-1","max-image-preview":"max-image-preview:large","max-video-preview":"max-video-preview:-1"},"canonical":"https:\/\/mltgroupe.fr\/?page_id=619","og_locale":"fr_FR","og_type":"article","og_title":"Villa des deux Ailes I Programme \u00e0 Saint-Maurice-de-Beynost","og_description":"D\u00e9couvrez la Villa des deux ailes, appartements neufs du T2 au T5 \u00e0 Saint-Maurice-de Beynost. Livraison 2028.","og_url":"https:\/\/mltgroupe.fr\/?page_id=619","article_modified_time":"2026-04-04T08:46:03+00:00","og_image":[{"width":2560,"height":795,"url":"https:\/\/mltgroupe.fr\/wp-content\/uploads\/2026\/03\/MLT-PROMOTION-copie-scaled.png","type":"image\/png"}],"twitter_card":"summary_large_image","twitter_misc":{"Dur\u00e9e de lecture estim\u00e9e":"2 minutes"},"schema":{"@context":"https:\/\/schema.org","@graph":[{"@type":"WebPage","@id":"https:\/\/mltgroupe.fr\/?page_id=619","url":"https:\/\/mltgroupe.fr\/?page_id=619","name":"Villa des deux Ailes I Programme \u00e0 Saint-Maurice-de-Beynost","isPartOf":{"@id":"https:\/\/mltgroupe.fr\/#website"},"primaryImageOfPage":{"@id":"https:\/\/mltgroupe.fr\/?page_id=619#primaryimage"},"image":{"@id":"https:\/\/mltgroupe.fr\/?page_id=619#primaryimage"},"thumbnailUrl":"http:\/\/mltgroupe.fr\/wp-content\/uploads\/2026\/03\/MLT-PROMOTION-copie-1024x318.png","datePublished":"2026-04-04T08:28:39+00:00","dateModified":"2026-04-04T08:46:03+00:00","description":"D\u00e9couvrez la Villa des deux ailes, appartements neufs du T2 au T5 \u00e0 Saint-Maurice-de Beynost. Livraison 2028.","breadcrumb":{"@id":"https:\/\/mltgroupe.fr\/?page_id=619#breadcrumb"},"inLanguage":"fr-FR","potentialAction":[{"@type":"ReadAction","target":["https:\/\/mltgroupe.fr\/?page_id=619"]}]},{"@type":"ImageObject","inLanguage":"fr-FR","@id":"https:\/\/mltgroupe.fr\/?page_id=619#primaryimage","url":"https:\/\/mltgroupe.fr\/wp-content\/uploads\/2026\/03\/MLT-PROMOTION-copie-scaled.png","contentUrl":"https:\/\/mltgroupe.fr\/wp-content\/uploads\/2026\/03\/MLT-PROMOTION-copie-scaled.png","width":2560,"height":795},{"@type":"BreadcrumbList","@id":"https:\/\/mltgroupe.fr\/?page_id=619#breadcrumb","itemListElement":[{"@type":"ListItem","position":1,"name":"Accueil","item":"https:\/\/mltgroupe.fr\/"},{"@type":"ListItem","position":2,"name":"VILLA DEUX AILES &#8211; Saint-Maurice de Beynost"}]},{"@type":"WebSite","@id":"https:\/\/mltgroupe.fr\/#website","url":"https:\/\/mltgroupe.fr\/","name":"","description":"Promoteur immobilier, sp\u00e9cialiste de la conduite de projets","potentialAction":[{"@type":"SearchAction","target":{"@type":"EntryPoint","urlTemplate":"https:\/\/mltgroupe.fr\/?s={search_term_string}"},"query-input":{"@type":"PropertyValueSpecification","valueRequired":true,"valueName":"search_term_string"}}],"inLanguage":"fr-FR"}]}},"jetpack_sharing_enabled":true,"_links":{"self":[{"href":"https:\/\/mltgroupe.fr\/index.php?rest_route=\/wp\/v2\/pages\/619","targetHints":{"allow":["GET"]}}],"collection":[{"href":"https:\/\/mltgroupe.fr\/index.php?rest_route=\/wp\/v2\/pages"}],"about":[{"href":"https:\/\/mltgroupe.fr\/index.php?rest_route=\/wp\/v2\/types\/page"}],"author":[{"embeddable":true,"href":"https:\/\/mltgroupe.fr\/index.php?rest_route=\/wp\/v2\/users\/1"}],"replies":[{"embeddable":true,"href":"https:\/\/mltgroupe.fr\/index.php?rest_route=%2Fwp%2Fv2%2Fcomments&post=619"}],"version-history":[{"count":2,"href":"https:\/\/mltgroupe.fr\/index.php?rest_route=\/wp\/v2\/pages\/619\/revisions"}],"predecessor-version":[{"id":635,"href":"https:\/\/mltgroupe.fr\/index.php?rest_route=\/wp\/v2\/pages\/619\/revisions\/635"}],"wp:attachment":[{"href":"https:\/\/mltgroupe.fr\/index.php?rest_route=%2Fwp%2Fv2%2Fmedia&parent=619"}],"curies":[{"name":"wp","href":"https:\/\/api.w.org\/{rel}","templated":true}]}}