{"id":601,"date":"2026-04-04T09:40:36","date_gmt":"2026-04-04T07:40:36","guid":{"rendered":"https:\/\/mltgroupe.fr\/?page_id=601"},"modified":"2026-04-04T11:46:31","modified_gmt":"2026-04-04T09:46:31","slug":"levidence-versonnex","status":"publish","type":"page","link":"https:\/\/mltgroupe.fr\/?page_id=601","title":{"rendered":"L&rsquo;EVIDENCE &#8211; Versonnex"},"content":{"rendered":"\n<div class=\"wp-block-group alignfull has-custom-bordeau-mlt-background-color has-background has-global-padding is-layout-constrained wp-container-core-group-is-layout-34173abb wp-block-group-is-layout-constrained\" style=\"margin-top:0;margin-bottom:0;padding-top:var(--wp--preset--spacing--40);padding-right:var(--wp--preset--spacing--30);padding-bottom:var(--wp--preset--spacing--40);padding-left:var(--wp--preset--spacing--30)\">\n<figure class=\"wp-block-image aligncenter size-large is-resized\"><img loading=\"lazy\" decoding=\"async\" width=\"1024\" height=\"205\" src=\"http:\/\/mltgroupe.fr\/wp-content\/uploads\/2024\/11\/MLT-AMO-BLANC-1024x205.png\" alt=\"\" class=\"wp-image-314\" style=\"aspect-ratio:4.995593604431575;width:360px;height:auto\" srcset=\"https:\/\/mltgroupe.fr\/wp-content\/uploads\/2024\/11\/MLT-AMO-BLANC-1024x205.png 1024w, https:\/\/mltgroupe.fr\/wp-content\/uploads\/2024\/11\/MLT-AMO-BLANC-300x60.png 300w, https:\/\/mltgroupe.fr\/wp-content\/uploads\/2024\/11\/MLT-AMO-BLANC-768x154.png 768w, https:\/\/mltgroupe.fr\/wp-content\/uploads\/2024\/11\/MLT-AMO-BLANC.png 1476w\" sizes=\"auto, (max-width: 1024px) 100vw, 1024px\" \/><\/figure>\n<\/div>\n\n\n\n<div class=\"wp-block-group alignfull has-base-2-background-color has-background has-global-padding is-layout-constrained wp-container-core-group-is-layout-75012026 wp-block-group-is-layout-constrained\" style=\"margin-top:0;margin-bottom:0;padding-top:var(--wp--preset--spacing--40);padding-right:var(--wp--preset--spacing--60);padding-bottom:var(--wp--preset--spacing--40);padding-left:var(--wp--preset--spacing--60)\">\n<div class=\"wp-block-group alignwide is-layout-flow wp-block-group-is-layout-flow\">\n<p class=\"has-text-align-left has-body-font-family has-x-large-font-size\" style=\"font-style:normal;font-weight:700;line-height:1.2\">L&rsquo;EVIDENCE<\/p>\n\n\n\n<p class=\"has-text-align-left has-body-font-family\" style=\"font-size:clamp(0.875rem, 0.875rem + ((1vw - 0.2rem) * 0.708), 1.3rem);font-style:normal;font-weight:700;line-height:1.3\">Route de Maconnex, 01210 VERSONNEX<\/p>\n\n\n\n<ul class=\"wp-block-list\">\n<li style=\"font-size:clamp(0.984rem, 0.984rem + ((1vw - 0.2rem) * 0.86), 1.5rem);font-style:normal;font-weight:600\"><span style=\"text-decoration: underline;\">Mission <\/span>: Assistance \u00e0 Ma\u00eetrise d&rsquo;Ouvrage (AMO)<\/li>\n\n\n\n<li style=\"font-size:clamp(0.984rem, 0.984rem + ((1vw - 0.2rem) * 0.86), 1.5rem);font-style:normal;font-weight:600\"><span style=\"text-decoration: underline;\">Ma\u00eetre d&rsquo;Ouvrage <\/span>: Groupe RIZZO<\/li>\n\n\n\n<li class=\"has-body-font-family\" style=\"font-size:clamp(0.984rem, 0.984rem + ((1vw - 0.2rem) * 0.86), 1.5rem);font-style:normal;font-weight:600\">Construction de 39 logements r\u00e9partis dans 4 b\u00e2timents en R+2 et R+3 et de 89 places de parking.<\/li>\n<\/ul>\n\n\n\n<p class=\"has-custom-bordeau-mlt-color has-text-color has-link-color has-large-font-size wp-elements-4de924b912396500acc1a27931d57b2b\" style=\"font-style:normal;font-weight:700\">Livraison : 3e trimestre 2027 &#8211; 1er trimestre 2028<\/p>\n<\/div>\n<\/div>\n\n\n\n<div class=\"wp-block-cover alignfull has-parallax\" style=\"padding-top:var(--wp--preset--spacing--50);padding-right:var(--wp--preset--spacing--50);padding-bottom:var(--wp--preset--spacing--50);padding-left:var(--wp--preset--spacing--50);min-height:1156px;aspect-ratio:unset;\"><div class=\"wp-block-cover__image-background wp-image-495 size-full has-parallax\" style=\"background-position:50% 50%;background-image:url(http:\/\/mltgroupe.fr\/wp-content\/uploads\/2026\/03\/Ferme-EST-scaled.png)\"><\/div><span aria-hidden=\"true\" class=\"wp-block-cover__background has-base-background-color has-background-dim-0 has-background-dim\"><\/span><div class=\"wp-block-cover__inner-container has-global-padding is-layout-constrained wp-container-core-cover-is-layout-e4fd886c wp-block-cover-is-layout-constrained\">\n<p class=\"has-text-align-center has-large-font-size\"><\/p>\n<\/div><\/div>\n\n\n\n<div class=\"wp-block-group alignfull has-custom-bordeau-mlt-background-color has-background has-global-padding is-layout-constrained wp-container-core-group-is-layout-b673cb31 wp-block-group-is-layout-constrained\" style=\"margin-top:0;margin-bottom:0;padding-top:var(--wp--preset--spacing--30);padding-right:var(--wp--preset--spacing--50);padding-bottom:var(--wp--preset--spacing--30);padding-left:var(--wp--preset--spacing--50)\">\n<div class=\"wp-block-columns alignwide are-vertically-aligned-center is-layout-flex wp-container-core-columns-is-layout-47c06fe3 wp-block-columns-is-layout-flex\">\n<div class=\"wp-block-column is-vertically-aligned-center is-layout-flow wp-block-column-is-layout-flow\" style=\"flex-basis:50%\">\n<div class=\"wp-block-group is-vertical is-nowrap is-layout-flex wp-container-core-group-is-layout-36fd9ea3 wp-block-group-is-layout-flex\" style=\"padding-right:0;padding-left:0\">\n<p class=\"has-base-2-color has-text-color has-body-font-family\" style=\"font-size:2.8vw;font-style:normal;font-weight:700;letter-spacing:0px;line-height:1.1;text-decoration:none;text-transform:none\">Un projet phare aux portes de la Suisse<\/p>\n\n\n\n<p><\/p>\n\n\n\n<p class=\"has-base-2-color has-text-color has-link-color has-medium-font-size wp-elements-e198aba017af941179cc1e2107292b8d\" style=\"font-style:normal;font-weight:600\">La future r\u00e9sidence \u00ab L\u2019\u00c9VIDENCE \u00bb est situ\u00e9e sur la Route de Maconnex sur la commune de VERSONNEX 01210. Le terrain se situe \u00e0 proximit\u00e9 de la m\u00e9tropole Genevoise sur l\u2019axe principale reliant Ornex \u00e0 Divonne-les-Bains, et dans un environnement \u00e0 domination r\u00e9sidentielle et une vue d\u00e9gag\u00e9e sur les champs et montagnes.<\/p>\n\n\n\n<div style=\"height:0px\" aria-hidden=\"true\" class=\"wp-block-spacer wp-container-content-9760934e\"><\/div>\n\n\n\n<div class=\"wp-block-buttons is-layout-flex wp-block-buttons-is-layout-flex\">\n<div class=\"wp-block-button\"><a class=\"wp-block-button__link has-text-align-center wp-element-button\" href=\"https:\/\/www.groupe-rizzo.com\/programmes\/levidence-18\">D\u00e9couvrez le programme<\/a><\/div>\n<\/div>\n<\/div>\n<\/div>\n\n\n\n<div class=\"wp-block-column is-vertically-aligned-center is-layout-flow wp-block-column-is-layout-flow\" style=\"flex-basis:50%\">\n<div class=\"wp-block-jetpack-slideshow aligncenter\" data-effect=\"slide\"><div class=\"wp-block-jetpack-slideshow_container swiper-container\"><ul class=\"wp-block-jetpack-slideshow_swiper-wrapper swiper-wrapper\"><li class=\"wp-block-jetpack-slideshow_slide swiper-slide\"><figure><img loading=\"lazy\" decoding=\"async\" width=\"1024\" height=\"576\" alt=\"\" class=\"wp-block-jetpack-slideshow_image wp-image-603\" data-id=\"603\" src=\"http:\/\/mltgroupe.fr\/wp-content\/uploads\/2026\/04\/Batiment-A-1024x576.png\" srcset=\"https:\/\/mltgroupe.fr\/wp-content\/uploads\/2026\/04\/Batiment-A-1024x576.png 1024w, https:\/\/mltgroupe.fr\/wp-content\/uploads\/2026\/04\/Batiment-A-300x169.png 300w, https:\/\/mltgroupe.fr\/wp-content\/uploads\/2026\/04\/Batiment-A-768x432.png 768w, https:\/\/mltgroupe.fr\/wp-content\/uploads\/2026\/04\/Batiment-A-1536x864.png 1536w, https:\/\/mltgroupe.fr\/wp-content\/uploads\/2026\/04\/Batiment-A-2048x1152.png 2048w\" sizes=\"auto, (max-width: 1024px) 100vw, 1024px\" \/><figcaption class=\"wp-block-jetpack-slideshow_caption gallery-caption\">Evidence-Versonnex<\/figcaption><\/figure><\/li><li class=\"wp-block-jetpack-slideshow_slide swiper-slide\"><figure><img loading=\"lazy\" decoding=\"async\" width=\"1024\" height=\"576\" alt=\"\" class=\"wp-block-jetpack-slideshow_image wp-image-605\" data-id=\"605\" src=\"http:\/\/mltgroupe.fr\/wp-content\/uploads\/2026\/04\/Batiment-C-1024x576.png\" srcset=\"https:\/\/mltgroupe.fr\/wp-content\/uploads\/2026\/04\/Batiment-C-1024x576.png 1024w, https:\/\/mltgroupe.fr\/wp-content\/uploads\/2026\/04\/Batiment-C-300x169.png 300w, https:\/\/mltgroupe.fr\/wp-content\/uploads\/2026\/04\/Batiment-C-768x432.png 768w, https:\/\/mltgroupe.fr\/wp-content\/uploads\/2026\/04\/Batiment-C-1536x864.png 1536w, https:\/\/mltgroupe.fr\/wp-content\/uploads\/2026\/04\/Batiment-C-2048x1152.png 2048w\" sizes=\"auto, (max-width: 1024px) 100vw, 1024px\" \/><figcaption class=\"wp-block-jetpack-slideshow_caption gallery-caption\">Evidence-Versonnex<\/figcaption><\/figure><\/li><li class=\"wp-block-jetpack-slideshow_slide swiper-slide\"><figure><img loading=\"lazy\" decoding=\"async\" width=\"1024\" height=\"576\" alt=\"\" class=\"wp-block-jetpack-slideshow_image wp-image-606\" data-id=\"606\" src=\"http:\/\/mltgroupe.fr\/wp-content\/uploads\/2026\/04\/Ferme-EST-1024x576.png\" srcset=\"https:\/\/mltgroupe.fr\/wp-content\/uploads\/2026\/04\/Ferme-EST-1024x576.png 1024w, https:\/\/mltgroupe.fr\/wp-content\/uploads\/2026\/04\/Ferme-EST-300x169.png 300w, https:\/\/mltgroupe.fr\/wp-content\/uploads\/2026\/04\/Ferme-EST-768x432.png 768w, https:\/\/mltgroupe.fr\/wp-content\/uploads\/2026\/04\/Ferme-EST-1536x864.png 1536w, https:\/\/mltgroupe.fr\/wp-content\/uploads\/2026\/04\/Ferme-EST-2048x1152.png 2048w\" sizes=\"auto, (max-width: 1024px) 100vw, 1024px\" \/><\/figure><\/li><li class=\"wp-block-jetpack-slideshow_slide swiper-slide\"><figure><img loading=\"lazy\" decoding=\"async\" width=\"1024\" height=\"576\" alt=\"\" class=\"wp-block-jetpack-slideshow_image wp-image-607\" data-id=\"607\" src=\"http:\/\/mltgroupe.fr\/wp-content\/uploads\/2026\/04\/Ferme-OUEST-1024x576.png\" srcset=\"https:\/\/mltgroupe.fr\/wp-content\/uploads\/2026\/04\/Ferme-OUEST-1024x576.png 1024w, https:\/\/mltgroupe.fr\/wp-content\/uploads\/2026\/04\/Ferme-OUEST-300x169.png 300w, https:\/\/mltgroupe.fr\/wp-content\/uploads\/2026\/04\/Ferme-OUEST-768x432.png 768w, https:\/\/mltgroupe.fr\/wp-content\/uploads\/2026\/04\/Ferme-OUEST-1536x864.png 1536w, https:\/\/mltgroupe.fr\/wp-content\/uploads\/2026\/04\/Ferme-OUEST-2048x1152.png 2048w\" sizes=\"auto, (max-width: 1024px) 100vw, 1024px\" \/><figcaption class=\"wp-block-jetpack-slideshow_caption gallery-caption\">Evidence-Versonnex<\/figcaption><\/figure><\/li><li class=\"wp-block-jetpack-slideshow_slide swiper-slide\"><figure><img loading=\"lazy\" decoding=\"async\" width=\"1024\" height=\"660\" alt=\"\" class=\"wp-block-jetpack-slideshow_image wp-image-609\" data-id=\"609\" src=\"http:\/\/mltgroupe.fr\/wp-content\/uploads\/2026\/04\/VERSONNEX-Insertion-2-1024x660.png\" srcset=\"https:\/\/mltgroupe.fr\/wp-content\/uploads\/2026\/04\/VERSONNEX-Insertion-2-1024x660.png 1024w, https:\/\/mltgroupe.fr\/wp-content\/uploads\/2026\/04\/VERSONNEX-Insertion-2-300x193.png 300w, https:\/\/mltgroupe.fr\/wp-content\/uploads\/2026\/04\/VERSONNEX-Insertion-2-768x495.png 768w, https:\/\/mltgroupe.fr\/wp-content\/uploads\/2026\/04\/VERSONNEX-Insertion-2-1536x990.png 1536w, https:\/\/mltgroupe.fr\/wp-content\/uploads\/2026\/04\/VERSONNEX-Insertion-2-2048x1320.png 2048w\" sizes=\"auto, (max-width: 1024px) 100vw, 1024px\" \/><figcaption class=\"wp-block-jetpack-slideshow_caption gallery-caption\">Evidence-Versonnex<\/figcaption><\/figure><\/li><\/ul><a class=\"wp-block-jetpack-slideshow_button-prev swiper-button-prev swiper-button-white\" role=\"button\"><\/a><a class=\"wp-block-jetpack-slideshow_button-next swiper-button-next swiper-button-white\" role=\"button\"><\/a><a aria-label=\"Pause Slideshow\" class=\"wp-block-jetpack-slideshow_button-pause\" role=\"button\"><\/a><div class=\"wp-block-jetpack-slideshow_pagination swiper-pagination swiper-pagination-white\"><\/div><\/div><\/div>\n<\/div>\n<\/div>\n<\/div>\n\n\n\n<div class=\"wp-block-group alignfull has-contrast-background-color has-background has-global-padding is-layout-constrained wp-container-core-group-is-layout-b673cb31 wp-block-group-is-layout-constrained\" style=\"margin-top:0;margin-bottom:0;padding-top:var(--wp--preset--spacing--30);padding-right:var(--wp--preset--spacing--50);padding-bottom:var(--wp--preset--spacing--30);padding-left:var(--wp--preset--spacing--50)\">\n<div class=\"wp-block-columns alignwide are-vertically-aligned-center is-layout-flex wp-container-core-columns-is-layout-47c06fe3 wp-block-columns-is-layout-flex\">\n<div class=\"wp-block-column is-vertically-aligned-center is-layout-flow wp-block-column-is-layout-flow\" style=\"flex-basis:50%\">\n<div class=\"wp-block-jetpack-slideshow aligncenter\" data-effect=\"slide\"><div class=\"wp-block-jetpack-slideshow_container swiper-container\"><ul class=\"wp-block-jetpack-slideshow_swiper-wrapper swiper-wrapper\"><li class=\"wp-block-jetpack-slideshow_slide swiper-slide\"><figure><img loading=\"lazy\" decoding=\"async\" width=\"1024\" height=\"768\" alt=\"\" class=\"wp-block-jetpack-slideshow_image wp-image-610\" data-id=\"610\" src=\"http:\/\/mltgroupe.fr\/wp-content\/uploads\/2026\/04\/IMG_3270-1024x768.jpeg\" srcset=\"https:\/\/mltgroupe.fr\/wp-content\/uploads\/2026\/04\/IMG_3270-1024x768.jpeg 1024w, https:\/\/mltgroupe.fr\/wp-content\/uploads\/2026\/04\/IMG_3270-300x225.jpeg 300w, https:\/\/mltgroupe.fr\/wp-content\/uploads\/2026\/04\/IMG_3270-768x576.jpeg 768w, https:\/\/mltgroupe.fr\/wp-content\/uploads\/2026\/04\/IMG_3270-1536x1152.jpeg 1536w, https:\/\/mltgroupe.fr\/wp-content\/uploads\/2026\/04\/IMG_3270-2048x1536.jpeg 2048w\" sizes=\"auto, (max-width: 1024px) 100vw, 1024px\" \/><figcaption class=\"wp-block-jetpack-slideshow_caption gallery-caption\">Evidence-chantier en cours<\/figcaption><\/figure><\/li><li class=\"wp-block-jetpack-slideshow_slide swiper-slide\"><figure><img loading=\"lazy\" decoding=\"async\" width=\"1024\" height=\"768\" alt=\"\" class=\"wp-block-jetpack-slideshow_image wp-image-611\" data-id=\"611\" src=\"http:\/\/mltgroupe.fr\/wp-content\/uploads\/2026\/04\/IMG_3271-1024x768.jpeg\" srcset=\"https:\/\/mltgroupe.fr\/wp-content\/uploads\/2026\/04\/IMG_3271-1024x768.jpeg 1024w, https:\/\/mltgroupe.fr\/wp-content\/uploads\/2026\/04\/IMG_3271-300x225.jpeg 300w, https:\/\/mltgroupe.fr\/wp-content\/uploads\/2026\/04\/IMG_3271-768x576.jpeg 768w, https:\/\/mltgroupe.fr\/wp-content\/uploads\/2026\/04\/IMG_3271-1536x1152.jpeg 1536w, https:\/\/mltgroupe.fr\/wp-content\/uploads\/2026\/04\/IMG_3271-2048x1536.jpeg 2048w\" sizes=\"auto, (max-width: 1024px) 100vw, 1024px\" \/><figcaption class=\"wp-block-jetpack-slideshow_caption gallery-caption\">Evidence-chantier en cours<\/figcaption><\/figure><\/li><li class=\"wp-block-jetpack-slideshow_slide swiper-slide\"><figure><img loading=\"lazy\" decoding=\"async\" width=\"1024\" height=\"768\" alt=\"\" class=\"wp-block-jetpack-slideshow_image wp-image-612\" data-id=\"612\" src=\"http:\/\/mltgroupe.fr\/wp-content\/uploads\/2026\/04\/IMG_9683-1024x768.jpeg\" srcset=\"https:\/\/mltgroupe.fr\/wp-content\/uploads\/2026\/04\/IMG_9683-1024x768.jpeg 1024w, https:\/\/mltgroupe.fr\/wp-content\/uploads\/2026\/04\/IMG_9683-300x225.jpeg 300w, https:\/\/mltgroupe.fr\/wp-content\/uploads\/2026\/04\/IMG_9683-768x576.jpeg 768w, https:\/\/mltgroupe.fr\/wp-content\/uploads\/2026\/04\/IMG_9683-1536x1152.jpeg 1536w, https:\/\/mltgroupe.fr\/wp-content\/uploads\/2026\/04\/IMG_9683-2048x1536.jpeg 2048w\" sizes=\"auto, (max-width: 1024px) 100vw, 1024px\" \/><figcaption class=\"wp-block-jetpack-slideshow_caption gallery-caption\">Evidence-chantier en cours<\/figcaption><\/figure><\/li><\/ul><a class=\"wp-block-jetpack-slideshow_button-prev swiper-button-prev swiper-button-white\" role=\"button\"><\/a><a class=\"wp-block-jetpack-slideshow_button-next swiper-button-next swiper-button-white\" role=\"button\"><\/a><a aria-label=\"Pause Slideshow\" class=\"wp-block-jetpack-slideshow_button-pause\" role=\"button\"><\/a><div class=\"wp-block-jetpack-slideshow_pagination swiper-pagination swiper-pagination-white\"><\/div><\/div><\/div>\n<\/div>\n\n\n\n<div class=\"wp-block-column is-vertically-aligned-center is-layout-flow wp-block-column-is-layout-flow\" style=\"flex-basis:50%\">\n<div class=\"wp-block-group is-vertical is-nowrap is-layout-flex wp-container-core-group-is-layout-36fd9ea3 wp-block-group-is-layout-flex\" style=\"padding-right:0;padding-left:0\">\n<p class=\"has-base-2-color has-text-color has-body-font-family\" style=\"font-size:2.8vw;font-style:normal;font-weight:700;letter-spacing:0px;line-height:1.1;text-decoration:none;text-transform:none\">Chantier en cours <\/p>\n\n\n\n<p class=\"has-base-2-color has-text-color has-body-font-family\" style=\"font-size:2.8vw;font-style:normal;font-weight:700;letter-spacing:0px;line-height:1.1;text-decoration:none;text-transform:none\">\u00e0 Maconnex<\/p>\n\n\n\n<p><\/p>\n<\/div>\n<\/div>\n<\/div>\n<\/div>\n\n\n\n<div class=\"wp-block-group alignfull has-border-color has-contrast-border-color has-base-2-background-color has-background has-global-padding is-layout-constrained wp-container-core-group-is-layout-0b8162c0 wp-block-group-is-layout-constrained\" style=\"border-width:1px;margin-top:0;margin-bottom:0;padding-top:var(--wp--preset--spacing--10);padding-right:var(--wp--preset--spacing--30);padding-bottom:var(--wp--preset--spacing--10);padding-left:var(--wp--preset--spacing--30)\">\n<h2 class=\"wp-block-heading has-text-align-center has-contrast-color has-base-2-background-color has-text-color has-background has-link-color has-body-font-family wp-elements-f7a96f474319fdc892d95ce74236f9fa\" style=\"font-style:normal;font-weight:600\">Nous contacter<\/h2>\n<\/div>\n\n\n<div class=\"wp-block-jetpack-contact-form\"><a href=\"https:\/\/mltgroupe.fr\/?page_id=601\" target=\"_blank\" rel=\"noopener noreferrer\">Soumettre un formulaire.<\/a><\/div>","protected":false},"excerpt":{"rendered":"<p>L&rsquo;EVIDENCE Route de Maconnex, 01210 VERSONNEX Livraison : 3e trimestre 2027 &#8211; 1er trimestre 2028 Un projet phare aux portes de la Suisse La future r\u00e9sidence \u00ab L\u2019\u00c9VIDENCE \u00bb est situ\u00e9e sur la Route de Maconnex sur la commune de VERSONNEX 01210. Le terrain se situe \u00e0 proximit\u00e9 de la m\u00e9tropole Genevoise sur l\u2019axe principale [&hellip;]<\/p>\n","protected":false},"author":1,"featured_media":0,"parent":0,"menu_order":0,"comment_status":"closed","ping_status":"closed","template":"","meta":{"footnotes":""},"class_list":["post-601","page","type-page","status-publish","hentry"],"yoast_head":"<!-- This site is optimized with the Yoast SEO plugin v23.9 - https:\/\/yoast.com\/wordpress\/plugins\/seo\/ -->\n<title>L&#039;EVIDENCE - Versonnex -<\/title>\n<meta name=\"robots\" content=\"index, follow, max-snippet:-1, max-image-preview:large, max-video-preview:-1\" \/>\n<link rel=\"canonical\" href=\"https:\/\/mltgroupe.fr\/?page_id=601\" \/>\n<meta property=\"og:locale\" content=\"fr_FR\" \/>\n<meta property=\"og:type\" content=\"article\" \/>\n<meta property=\"og:title\" content=\"L&#039;EVIDENCE - Versonnex -\" \/>\n<meta property=\"og:description\" content=\"L&rsquo;EVIDENCE Route de Maconnex, 01210 VERSONNEX Livraison : 3e trimestre 2027 &#8211; 1er trimestre 2028 Un projet phare aux portes de la Suisse La future r\u00e9sidence \u00ab L\u2019\u00c9VIDENCE \u00bb est situ\u00e9e sur la Route de Maconnex sur la commune de VERSONNEX 01210. Le terrain se situe \u00e0 proximit\u00e9 de la m\u00e9tropole Genevoise sur l\u2019axe principale [&hellip;]\" \/>\n<meta property=\"og:url\" content=\"https:\/\/mltgroupe.fr\/?page_id=601\" \/>\n<meta property=\"article:modified_time\" content=\"2026-04-04T09:46:31+00:00\" \/>\n<meta property=\"og:image\" content=\"https:\/\/mltgroupe.fr\/wp-content\/uploads\/2024\/11\/MLT-AMO-BLANC.png\" \/>\n\t<meta property=\"og:image:width\" content=\"1476\" \/>\n\t<meta property=\"og:image:height\" content=\"296\" \/>\n\t<meta property=\"og:image:type\" content=\"image\/png\" \/>\n<meta name=\"twitter:card\" content=\"summary_large_image\" \/>\n<meta name=\"twitter:label1\" content=\"Dur\u00e9e de lecture estim\u00e9e\" \/>\n\t<meta name=\"twitter:data1\" content=\"3 minutes\" \/>\n<script type=\"application\/ld+json\" class=\"yoast-schema-graph\">{\"@context\":\"https:\/\/schema.org\",\"@graph\":[{\"@type\":\"WebPage\",\"@id\":\"https:\/\/mltgroupe.fr\/?page_id=601\",\"url\":\"https:\/\/mltgroupe.fr\/?page_id=601\",\"name\":\"L'EVIDENCE - Versonnex -\",\"isPartOf\":{\"@id\":\"https:\/\/mltgroupe.fr\/#website\"},\"primaryImageOfPage\":{\"@id\":\"https:\/\/mltgroupe.fr\/?page_id=601#primaryimage\"},\"image\":{\"@id\":\"https:\/\/mltgroupe.fr\/?page_id=601#primaryimage\"},\"thumbnailUrl\":\"http:\/\/mltgroupe.fr\/wp-content\/uploads\/2024\/11\/MLT-AMO-BLANC-1024x205.png\",\"datePublished\":\"2026-04-04T07:40:36+00:00\",\"dateModified\":\"2026-04-04T09:46:31+00:00\",\"breadcrumb\":{\"@id\":\"https:\/\/mltgroupe.fr\/?page_id=601#breadcrumb\"},\"inLanguage\":\"fr-FR\",\"potentialAction\":[{\"@type\":\"ReadAction\",\"target\":[\"https:\/\/mltgroupe.fr\/?page_id=601\"]}]},{\"@type\":\"ImageObject\",\"inLanguage\":\"fr-FR\",\"@id\":\"https:\/\/mltgroupe.fr\/?page_id=601#primaryimage\",\"url\":\"https:\/\/mltgroupe.fr\/wp-content\/uploads\/2024\/11\/MLT-AMO-BLANC.png\",\"contentUrl\":\"https:\/\/mltgroupe.fr\/wp-content\/uploads\/2024\/11\/MLT-AMO-BLANC.png\",\"width\":1476,\"height\":296},{\"@type\":\"BreadcrumbList\",\"@id\":\"https:\/\/mltgroupe.fr\/?page_id=601#breadcrumb\",\"itemListElement\":[{\"@type\":\"ListItem\",\"position\":1,\"name\":\"Accueil\",\"item\":\"https:\/\/mltgroupe.fr\/\"},{\"@type\":\"ListItem\",\"position\":2,\"name\":\"L&rsquo;EVIDENCE &#8211; Versonnex\"}]},{\"@type\":\"WebSite\",\"@id\":\"https:\/\/mltgroupe.fr\/#website\",\"url\":\"https:\/\/mltgroupe.fr\/\",\"name\":\"\",\"description\":\"Promoteur immobilier, sp\u00e9cialiste de la conduite de projets\",\"potentialAction\":[{\"@type\":\"SearchAction\",\"target\":{\"@type\":\"EntryPoint\",\"urlTemplate\":\"https:\/\/mltgroupe.fr\/?s={search_term_string}\"},\"query-input\":{\"@type\":\"PropertyValueSpecification\",\"valueRequired\":true,\"valueName\":\"search_term_string\"}}],\"inLanguage\":\"fr-FR\"}]}<\/script>\n<!-- \/ Yoast SEO plugin. -->","yoast_head_json":{"title":"L'EVIDENCE - Versonnex -","robots":{"index":"index","follow":"follow","max-snippet":"max-snippet:-1","max-image-preview":"max-image-preview:large","max-video-preview":"max-video-preview:-1"},"canonical":"https:\/\/mltgroupe.fr\/?page_id=601","og_locale":"fr_FR","og_type":"article","og_title":"L'EVIDENCE - Versonnex -","og_description":"L&rsquo;EVIDENCE Route de Maconnex, 01210 VERSONNEX Livraison : 3e trimestre 2027 &#8211; 1er trimestre 2028 Un projet phare aux portes de la Suisse La future r\u00e9sidence \u00ab L\u2019\u00c9VIDENCE \u00bb est situ\u00e9e sur la Route de Maconnex sur la commune de VERSONNEX 01210. Le terrain se situe \u00e0 proximit\u00e9 de la m\u00e9tropole Genevoise sur l\u2019axe principale [&hellip;]","og_url":"https:\/\/mltgroupe.fr\/?page_id=601","article_modified_time":"2026-04-04T09:46:31+00:00","og_image":[{"width":1476,"height":296,"url":"https:\/\/mltgroupe.fr\/wp-content\/uploads\/2024\/11\/MLT-AMO-BLANC.png","type":"image\/png"}],"twitter_card":"summary_large_image","twitter_misc":{"Dur\u00e9e de lecture estim\u00e9e":"3 minutes"},"schema":{"@context":"https:\/\/schema.org","@graph":[{"@type":"WebPage","@id":"https:\/\/mltgroupe.fr\/?page_id=601","url":"https:\/\/mltgroupe.fr\/?page_id=601","name":"L'EVIDENCE - Versonnex -","isPartOf":{"@id":"https:\/\/mltgroupe.fr\/#website"},"primaryImageOfPage":{"@id":"https:\/\/mltgroupe.fr\/?page_id=601#primaryimage"},"image":{"@id":"https:\/\/mltgroupe.fr\/?page_id=601#primaryimage"},"thumbnailUrl":"http:\/\/mltgroupe.fr\/wp-content\/uploads\/2024\/11\/MLT-AMO-BLANC-1024x205.png","datePublished":"2026-04-04T07:40:36+00:00","dateModified":"2026-04-04T09:46:31+00:00","breadcrumb":{"@id":"https:\/\/mltgroupe.fr\/?page_id=601#breadcrumb"},"inLanguage":"fr-FR","potentialAction":[{"@type":"ReadAction","target":["https:\/\/mltgroupe.fr\/?page_id=601"]}]},{"@type":"ImageObject","inLanguage":"fr-FR","@id":"https:\/\/mltgroupe.fr\/?page_id=601#primaryimage","url":"https:\/\/mltgroupe.fr\/wp-content\/uploads\/2024\/11\/MLT-AMO-BLANC.png","contentUrl":"https:\/\/mltgroupe.fr\/wp-content\/uploads\/2024\/11\/MLT-AMO-BLANC.png","width":1476,"height":296},{"@type":"BreadcrumbList","@id":"https:\/\/mltgroupe.fr\/?page_id=601#breadcrumb","itemListElement":[{"@type":"ListItem","position":1,"name":"Accueil","item":"https:\/\/mltgroupe.fr\/"},{"@type":"ListItem","position":2,"name":"L&rsquo;EVIDENCE &#8211; Versonnex"}]},{"@type":"WebSite","@id":"https:\/\/mltgroupe.fr\/#website","url":"https:\/\/mltgroupe.fr\/","name":"","description":"Promoteur immobilier, sp\u00e9cialiste de la conduite de projets","potentialAction":[{"@type":"SearchAction","target":{"@type":"EntryPoint","urlTemplate":"https:\/\/mltgroupe.fr\/?s={search_term_string}"},"query-input":{"@type":"PropertyValueSpecification","valueRequired":true,"valueName":"search_term_string"}}],"inLanguage":"fr-FR"}]}},"jetpack_sharing_enabled":true,"_links":{"self":[{"href":"https:\/\/mltgroupe.fr\/index.php?rest_route=\/wp\/v2\/pages\/601","targetHints":{"allow":["GET"]}}],"collection":[{"href":"https:\/\/mltgroupe.fr\/index.php?rest_route=\/wp\/v2\/pages"}],"about":[{"href":"https:\/\/mltgroupe.fr\/index.php?rest_route=\/wp\/v2\/types\/page"}],"author":[{"embeddable":true,"href":"https:\/\/mltgroupe.fr\/index.php?rest_route=\/wp\/v2\/users\/1"}],"replies":[{"embeddable":true,"href":"https:\/\/mltgroupe.fr\/index.php?rest_route=%2Fwp%2Fv2%2Fcomments&post=601"}],"version-history":[{"count":4,"href":"https:\/\/mltgroupe.fr\/index.php?rest_route=\/wp\/v2\/pages\/601\/revisions"}],"predecessor-version":[{"id":648,"href":"https:\/\/mltgroupe.fr\/index.php?rest_route=\/wp\/v2\/pages\/601\/revisions\/648"}],"wp:attachment":[{"href":"https:\/\/mltgroupe.fr\/index.php?rest_route=%2Fwp%2Fv2%2Fmedia&parent=601"}],"curies":[{"name":"wp","href":"https:\/\/api.w.org\/{rel}","templated":true}]}}